{"id":23,"date":"2025-12-17T12:42:59","date_gmt":"2025-12-17T12:42:59","guid":{"rendered":"https:\/\/wordpress-7ck5p.wasmer.app\/?page_id=23"},"modified":"2026-02-04T15:25:46","modified_gmt":"2026-02-04T15:25:46","slug":"o-mnie-2","status":"publish","type":"page","link":"https:\/\/wordpress-7ck5p.wasmer.app\/index.php\/o-mnie-2\/","title":{"rendered":"O mnie"},"content":{"rendered":"\t\t<div data-elementor-type=\"wp-post\" data-elementor-id=\"23\" class=\"elementor elementor-23\">\n\t\t\t\t<div class=\"elementor-element elementor-element-d1c0d2a e-flex e-con-boxed e-con e-parent\" data-id=\"d1c0d2a\" data-element_type=\"container\">\n\t\t\t\t\t<div class=\"e-con-inner\">\n\t\t<div class=\"elementor-element elementor-element-8af3112 e-con-full e-flex e-con e-child\" data-id=\"8af3112\" data-element_type=\"container\">\n\t\t<div class=\"elementor-element elementor-element-1862609 e-con-full e-flex e-con e-child\" data-id=\"1862609\" data-element_type=\"container\">\n\t\t\t\t<div class=\"elementor-element elementor-element-71948c4 elementor-widget elementor-widget-heading\" data-id=\"71948c4\" data-element_type=\"widget\" data-widget_type=\"heading.default\">\n\t\t\t\t<div class=\"elementor-widget-container\">\n\t\t\t\t\t<h2 class=\"elementor-heading-title elementor-size-default\">O mnie<\/h2>\t\t\t\t<\/div>\n\t\t\t\t<\/div>\n\t\t\t\t<\/div>\n\t\t\t\t<div class=\"elementor-element elementor-element-2077391 elementor-widget elementor-widget-image\" data-id=\"2077391\" data-element_type=\"widget\" data-widget_type=\"image.default\">\n\t\t\t\t<div class=\"elementor-widget-container\">\n\t\t\t\t\t\t\t\t\t\t\t\t\t\t\t<img fetchpriority=\"high\" decoding=\"async\" width=\"1024\" height=\"683\" src=\"https:\/\/wordpress-7ck5p.wasmer.app\/wp-content\/uploads\/2025\/12\/IMG_3482.jpg\" class=\"attachment-large size-large wp-image-187\" alt=\"\" \/>\t\t\t\t\t\t\t\t\t\t\t\t\t\t\t<\/div>\n\t\t\t\t<\/div>\n\t\t\t\t<\/div>\n\t\t<div class=\"elementor-element elementor-element-9019b39 e-con-full e-flex e-con e-child\" data-id=\"9019b39\" data-element_type=\"container\">\n\t\t\t\t<div class=\"elementor-element elementor-element-ebb9719 elementor-widget elementor-widget-heading\" data-id=\"ebb9719\" data-element_type=\"widget\" data-widget_type=\"heading.default\">\n\t\t\t\t<div class=\"elementor-widget-container\">\n\t\t\t\t\t<h2 class=\"elementor-heading-title elementor-size-default\"><p dir=\"ltr\" style=\"line-height: 1.38;margin-top: 0pt;margin-bottom: 0pt\"><span style=\"background-color: transparent;font-family: Arial, sans-serif;font-size: 11pt;font-style: inherit\"><b>Jestem psychologiem<\/b>, uko\u0144czy\u0142am <\/span><span style=\"background-color: transparent;font-family: Arial, sans-serif;font-size: 11pt;font-style: inherit\">studia magisterskie z psychologii na Uniwersytecie Andrzeja Frycza Modrzewskiego w Krakowie<b>. W dalszej kolejno\u015bci kszta\u0142c\u0119 si\u0119 w obszarze psychologii sportu. <\/b><\/span><\/p><p dir=\"ltr\" style=\"line-height: 1.38;margin-top: 0pt;margin-bottom: 0pt\"><span style=\"background-color: transparent;font-family: Arial, sans-serif;font-size: 11pt;font-style: inherit\">W swojej pracy \u0142\u0105cz\u0119 wiedz\u0119 psychologiczn\u0105 z uwa\u017cnym, empatycznym podej\u015bciem do drugiego cz\u0142owieka.<\/span><\/p><p dir=\"ltr\" style=\"font-weight: normal;line-height: 1.38;margin-top: 12pt;margin-bottom: 12pt\"><span style=\"font-size: 11pt;font-family: Arial, sans-serif;background-color: transparent;vertical-align: baseline\">Posiadam do\u015bwiadczenie pracy z <\/span><span style=\"font-size: 11pt;font-family: Arial, sans-serif;background-color: transparent;font-weight: 700;vertical-align: baseline\">doros\u0142ymi, dzie\u0107mi oraz m\u0142odzie\u017c\u0105<\/span><span style=\"font-size: 11pt;font-family: Arial, sans-serif;background-color: transparent;vertical-align: baseline\">. Dotychczasowe do\u015bwiadczenia zawodowe pozwoli\u0142y mi rozwija\u0107 umiej\u0119tno\u015bci pracy z osobami znajduj\u0105cymi si\u0119 w trudnych momentach \u017cycia oraz wspierania ich w procesie zmiany.<\/span><\/p><p dir=\"ltr\" style=\"line-height: 1.38;margin-top: 12pt;margin-bottom: 12pt\"><span style=\"font-weight: normal;font-size: 11pt;font-family: Arial, sans-serif;background-color: transparent;vertical-align: baseline\">Jako <\/span><span style=\"font-weight: 700;font-size: 11pt;font-family: Arial, sans-serif;background-color: transparent;vertical-align: baseline\">Psycholog Wspieraj\u0105cy w Wyborze Terapii <\/span><span style=\"font-size: 11pt;font-family: Arial, sans-serif;background-color: transparent;vertical-align: baseline\">t<\/span><span style=\"font-size: 11pt;font-family: Arial, sans-serif;background-color: transparent;vertical-align: baseline\"><span style=\"font-weight: normal\">owarzysz\u0119 osobom poszukuj\u0105cym odpowiedniej formy pomocy psychologicznej, wspieraj\u0105c je w stawianiu pierwszych krok\u00f3w na drodze terapii. Posiadam r\u00f3wnie\u017c do\u015bwiadczenie w obszarze <\/span>W<\/span><span style=\"font-size: 11pt;font-family: Arial, sans-serif;background-color: transparent;vertical-align: baseline\">ellbeingu<\/span><span style=\"font-weight: 700;font-size: 11pt;font-family: Arial, sans-serif;background-color: transparent;vertical-align: baseline\"> w organizacjach<\/span><span style=\"font-weight: normal;font-size: 11pt;font-family: Arial, sans-serif;background-color: transparent;vertical-align: baseline\">, a tak\u017ce <\/span><span style=\"font-weight: 700;font-size: 11pt;font-family: Arial, sans-serif;background-color: transparent;vertical-align: baseline\">w pracy w obszarze HR i rekrutacji<\/span><span style=\"font-weight: normal;font-size: 11pt;font-family: Arial, sans-serif;background-color: transparent;vertical-align: baseline\">, dzi\u0119ki czemu tematy <\/span><span style=\"font-weight: 700;font-size: 11pt;font-family: Arial, sans-serif;background-color: transparent;vertical-align: baseline\">rozwoju zawodowego, planowania kariery, zmiany \u015bcie\u017cki zawodowej oraz funkcjonowania w \u015brodowisku pracy<\/span><span style=\"font-weight: normal;font-size: 11pt;font-family: Arial, sans-serif;background-color: transparent;vertical-align: baseline\"> s\u0105 mi szczeg\u00f3lnie bliskie i stanowi\u0105 wa\u017cny element mojej praktyki.<\/span><\/p><p dir=\"ltr\" style=\"font-weight: normal;line-height: 1.38;margin-top: 12pt;margin-bottom: 12pt\"><span style=\"font-size: 11pt;font-family: Arial, sans-serif;background-color: transparent;vertical-align: baseline\">Swoje do\u015bwiadczenie zdobywa\u0142am tak\u017ce podczas <\/span><span style=\"font-size: 11pt;font-family: Arial, sans-serif;background-color: transparent;font-weight: 700;vertical-align: baseline\">sta\u017cu<\/span><span style=\"font-size: 11pt;font-family: Arial, sans-serif;background-color: transparent;vertical-align: baseline\"> w <\/span><span style=\"font-size: 11pt;font-family: Arial, sans-serif;background-color: transparent;font-weight: 700;vertical-align: baseline\">Akademii Wis\u0142y Krak\u00f3w<\/span><span style=\"font-size: 11pt;font-family: Arial, sans-serif;background-color: transparent;vertical-align: baseline\"> oraz praktyk w gabinetach <\/span><span style=\"font-size: 11pt;font-family: Arial, sans-serif;background-color: transparent;font-weight: 700;vertical-align: baseline\">psychologiczno-terapeutycznych.<\/span><span style=\"font-size: 11pt;font-family: Arial, sans-serif;background-color: transparent;vertical-align: baseline\"> Mia\u0142am tam mo\u017cliwo\u015b\u0107 obserwowania proces\u00f3w pracy z dzie\u0107mi, m\u0142odzie\u017c\u0105 i doros\u0142ymi, osobami aktywnymi fizycznie oraz osobami do\u015bwiadczaj\u0105cymi trudno\u015bci emocjonalnych i kryzys\u00f3w. Do\u015bwiadczenia te pozwoli\u0142y mi lepiej zrozumie\u0107 r\u00f3\u017cnorodne aspekty funkcjonowania psychicznego cz\u0142owieka.<\/span><span style=\"font-size: 1.875rem;font-style: inherit;font-weight: 600\"><\/span><\/p><\/h2>\t\t\t\t<\/div>\n\t\t\t\t<\/div>\n\t\t\t\t<\/div>\n\t\t\t\t\t<\/div>\n\t\t\t\t<\/div>\n\t\t<div class=\"elementor-element elementor-element-9d138cc e-flex e-con-boxed e-con e-parent\" data-id=\"9d138cc\" data-element_type=\"container\" data-settings=\"{&quot;background_background&quot;:&quot;classic&quot;}\">\n\t\t\t\t\t<div class=\"e-con-inner\">\n\t\t<div class=\"elementor-element elementor-element-9d2eba2 e-con-full e-flex e-con e-child\" data-id=\"9d2eba2\" data-element_type=\"container\">\n\t\t<div class=\"elementor-element elementor-element-6cd893f e-con-full e-flex e-con e-child\" data-id=\"6cd893f\" data-element_type=\"container\">\n\t\t\t\t<div class=\"elementor-element elementor-element-6b80a42 elementor-widget elementor-widget-heading\" data-id=\"6b80a42\" data-element_type=\"widget\" data-widget_type=\"heading.default\">\n\t\t\t\t<div class=\"elementor-widget-container\">\n\t\t\t\t\t<h2 class=\"elementor-heading-title elementor-size-default\"><p dir=\"ltr\" style=\"line-height: 1.38;margin-top: 12pt;margin-bottom: 12pt\"><span style=\"font-size: 11pt;font-family: Arial, sans-serif;background-color: transparent;vertical-align: baseline\"><span style=\"font-weight: normal\">Prywatnie jestem aktywna sportowo - szczeg\u00f3lnie pasjonuje mnie<\/span> <b>bieganie<\/b><span style=\"font-weight: normal\">. <\/span><\/span><\/p><p dir=\"ltr\" style=\"line-height: 1.38;margin-top: 12pt;margin-bottom: 12pt\"><b><i><span style=\"background-color: transparent;font-size: 11pt;font-family: Arial, sans-serif;vertical-align: baseline\">Wierz\u0119, \u017ce regularna aktywno\u015b\u0107 fizyczna stanowi istotny element profilaktyki zdrowotnej, w tym r\u00f3wnie\u017c w obszarze zdrowia psychicznego.<\/span><span style=\"background-color: transparent;font-size: 11pt;font-family: Arial, sans-serif;vertical-align: baseline\"> <\/span><\/i><\/b><\/p><p dir=\"ltr\" style=\"line-height: 1.38;margin-top: 12pt;margin-bottom: 12pt\"><span style=\"font-style: inherit;background-color: transparent;font-weight: normal;font-size: 11pt;font-family: Arial, sans-serif;vertical-align: baseline\">Poza prac\u0105 zawodow\u0105 uwielbiam <\/span><span style=\"font-style: inherit;background-color: transparent;font-size: 11pt;font-family: Arial, sans-serif;vertical-align: baseline\"><b>podr\u00f3\u017ce<\/b><\/span><span style=\"font-style: inherit;background-color: transparent;font-weight: normal;font-size: 11pt;font-family: Arial, sans-serif;vertical-align: baseline\">, kt\u00f3re s\u0105 dla mnie \u017ar\u00f3d\u0142em inspiracji i poszerzania perspektywy.<\/span><span style=\"font-size: 1.875rem;font-style: inherit\"><\/span><\/p><\/h2>\t\t\t\t<\/div>\n\t\t\t\t<\/div>\n\t\t\t\t<\/div>\n\t\t<div class=\"elementor-element elementor-element-86266c1 e-con-full e-flex e-con e-child\" data-id=\"86266c1\" data-element_type=\"container\">\n\t\t\t\t<div class=\"elementor-element elementor-element-101c521 elementor-widget elementor-widget-image\" data-id=\"101c521\" data-element_type=\"widget\" data-widget_type=\"image.default\">\n\t\t\t\t<div class=\"elementor-widget-container\">\n\t\t\t\t\t\t\t\t\t\t\t\t\t\t\t<img decoding=\"async\" src=\"https:\/\/wordpress-7ck5p.wasmer.app\/wp-content\/uploads\/2025\/12\/IMG_4922-2-5.jpg\" title=\"\" alt=\"\" loading=\"lazy\" \/>\t\t\t\t\t\t\t\t\t\t\t\t\t\t\t<\/div>\n\t\t\t\t<\/div>\n\t\t\t\t<\/div>\n\t\t\t\t<\/div>\n\t\t\t\t\t<\/div>\n\t\t\t\t<\/div>\n\t\t\t\t<\/div>\n\t\t","protected":false},"excerpt":{"rendered":"<p>O mnie Jestem psychologiem, uko\u0144czy\u0142am studia magisterskie z psychologii na Uniwersytecie Andrzeja Frycza Modrzewskiego w Krakowie. W dalszej kolejno\u015bci kszta\u0142c\u0119 [&hellip;]<\/p>\n","protected":false},"author":1,"featured_media":0,"parent":0,"menu_order":0,"comment_status":"closed","ping_status":"closed","template":"","meta":{"site-sidebar-layout":"no-sidebar","site-content-layout":"","ast-site-content-layout":"full-width-container","site-content-style":"default","site-sidebar-style":"default","ast-global-header-display":"","ast-banner-title-visibility":"","ast-main-header-display":"","ast-hfb-above-header-display":"","ast-hfb-below-header-display":"","ast-hfb-mobile-header-display":"","site-post-title":"","ast-breadcrumbs-content":"","ast-featured-img":"disabled","footer-sml-layout":"","theme-transparent-header-meta":"","adv-header-id-meta":"","stick-header-meta":"","header-above-stick-meta":"","header-main-stick-meta":"","header-below-stick-meta":"","astra-migrate-meta-layouts":"default","ast-page-background-enabled":"default","ast-page-background-meta":{"desktop":{"background-color":"var(--ast-global-color-5)","background-image":"","background-repeat":"repeat","background-position":"center center","background-size":"auto","background-attachment":"scroll","background-type":"","background-media":"","overlay-type":"","overlay-color":"","overlay-opacity":"","overlay-gradient":""},"tablet":{"background-color":"","background-image":"","background-repeat":"repeat","background-position":"center center","background-size":"auto","background-attachment":"scroll","background-type":"","background-media":"","overlay-type":"","overlay-color":"","overlay-opacity":"","overlay-gradient":""},"mobile":{"background-color":"","background-image":"","background-repeat":"repeat","background-position":"center center","background-size":"auto","background-attachment":"scroll","background-type":"","background-media":"","overlay-type":"","overlay-color":"","overlay-opacity":"","overlay-gradient":""}},"ast-content-background-meta":{"desktop":{"background-color":"var(--ast-global-color-4)","background-image":"","background-repeat":"repeat","background-position":"center center","background-size":"auto","background-attachment":"scroll","background-type":"","background-media":"","overlay-type":"","overlay-color":"","overlay-opacity":"","overlay-gradient":""},"tablet":{"background-color":"var(--ast-global-color-4)","background-image":"","background-repeat":"repeat","background-position":"center center","background-size":"auto","background-attachment":"scroll","background-type":"","background-media":"","overlay-type":"","overlay-color":"","overlay-opacity":"","overlay-gradient":""},"mobile":{"background-color":"var(--ast-global-color-4)","background-image":"","background-repeat":"repeat","background-position":"center center","background-size":"auto","background-attachment":"scroll","background-type":"","background-media":"","overlay-type":"","overlay-color":"","overlay-opacity":"","overlay-gradient":""}},"footnotes":""},"class_list":["post-23","page","type-page","status-publish","hentry"],"_links":{"self":[{"href":"https:\/\/wordpress-7ck5p.wasmer.app\/index.php\/wp-json\/wp\/v2\/pages\/23","targetHints":{"allow":["GET"]}}],"collection":[{"href":"https:\/\/wordpress-7ck5p.wasmer.app\/index.php\/wp-json\/wp\/v2\/pages"}],"about":[{"href":"https:\/\/wordpress-7ck5p.wasmer.app\/index.php\/wp-json\/wp\/v2\/types\/page"}],"author":[{"embeddable":true,"href":"https:\/\/wordpress-7ck5p.wasmer.app\/index.php\/wp-json\/wp\/v2\/users\/1"}],"replies":[{"embeddable":true,"href":"https:\/\/wordpress-7ck5p.wasmer.app\/index.php\/wp-json\/wp\/v2\/comments?post=23"}],"version-history":[{"count":0,"href":"https:\/\/wordpress-7ck5p.wasmer.app\/index.php\/wp-json\/wp\/v2\/pages\/23\/revisions"}],"wp:attachment":[{"href":"https:\/\/wordpress-7ck5p.wasmer.app\/index.php\/wp-json\/wp\/v2\/media?parent=23"}],"curies":[{"name":"wp","href":"https:\/\/api.w.org\/{rel}","templated":true}]}}